{"id":613,"date":"2024-01-31T19:13:00","date_gmt":"2024-01-31T19:13:00","guid":{"rendered":"https:\/\/lovinfud.com\/product\/acai-bio-14-premium-sugar-free\/"},"modified":"2024-09-16T14:01:03","modified_gmt":"2024-09-16T14:01:03","slug":"acai-bio-14-premium-sugar-free","status":"publish","type":"product","link":"https:\/\/lovinfud.com\/en\/product\/acai-bio-14-premium-sugar-free\/","title":{"rendered":"A\u00e7a\u00ed Bio 14% Premium Sugar Free"},"content":{"rendered":"<h2 data-sourcepos=\"5:1-5:69\">Pure A\u00e7a\u00ed 14% Premium Sugar Free: The Amazonian Superfood for a Healthy Life<\/h2>\r\n<p data-sourcepos=\"7:1-7:221\">Bring the Amazon to your table with <strong>Lovinfud&#8217;s Pure A\u00e7a\u00ed 14% Premium Sugar free<\/strong>.<\/p>\r\n<p data-sourcepos=\"7:1-7:221\">Enjoy the authentic taste and nutritional richness of wild a\u00e7a\u00ed berries, carefully selected and processed to preserve their freshness and vitality.<\/p>\r\n<p class=\"has-small-font-size\"><strong>Lovinfud&#8217;s Pure A\u00e7a\u00ed 14% Premium<\/strong> is delicately crafted from fresh, hand-picked and sustainably harvested A\u00e7a\u00ed berries that grow wild in Brazil&#8217;s Amazon rainforest. Our A\u00e7a\u00ed is Certified Organic and <a href=\"https:\/\/www.fairtradecertified.org\/\">Fair Trade Certified<\/a> and is frozen immediately after harvesting to preserve the intense purple colour of the fruit and preserve all its nutrients. A\u00e7a\u00ed is an excellent source of healthy fats (Omega 3, 6 and 9).<\/p>\r\n<p data-sourcepos=\"7:1-7:221\"><\/p>\r\n<p class=\"has-small-font-size\"><strong>Pure A\u00e7a\u00ed 14% Premium<\/strong> is an extraordinary source of antioxidants and health. Enjoy the best bowls and smoothies with this <strong>sugar-free<\/strong> superfood that offers a rich and authentic A\u00e7a\u00ed experience.<\/p>\r\n<h3 data-sourcepos=\"9:1-9:16\"><strong>Our promise:<\/strong><\/h3>\r\n<ul data-sourcepos=\"11:1-16:0\">\r\n<li data-sourcepos=\"11:1-11:98\"><strong>100% Pure A\u00e7a\u00ed:<\/strong> Made with the highest quality a\u00e7a\u00ed berry pulp, no additives or added sugars.<\/li>\r\n<li data-sourcepos=\"12:1-12:109\"><strong>Intense Flavor:<\/strong> Experience the authentic taste of a\u00e7a\u00ed, with its characteristic tangy and fruity notes.<\/li>\r\n<li data-sourcepos=\"13:1-13:116\"><strong>Nutrient-Rich:<\/strong> An exceptional source of antioxidants, fiber, vitamins, and essential minerals for your health.<\/li>\r\n<li data-sourcepos=\"14:1-14:133\"><strong>Sustainable Origin:<\/strong> Responsibly harvested in the Brazilian Amazon rainforest, respecting the environment and local communities.<\/li>\r\n<li data-sourcepos=\"15:1-16:0\"><strong>Organic and Fair Trade Certified:<\/strong> We are committed to sustainable agricultural practices and fair trade, guaranteeing an ethical product of the highest quality.<\/li>\r\n<\/ul>\r\n<h3 data-sourcepos=\"17:1-17:29\"><strong>Benefits for your health:<\/strong><\/h3>\r\n<ul data-sourcepos=\"19:1-24:0\">\r\n<li data-sourcepos=\"19:1-19:130\"><strong>Boosts the immune system:<\/strong> A\u00e7a\u00ed&#8217;s high antioxidant content helps fight free radicals and protect cells from oxidative damage.<\/li>\r\n<li data-sourcepos=\"20:1-20:149\"><strong>Improves cardiovascular health:<\/strong> A\u00e7a\u00ed&#8217;s Omega 3, 6, and 9 fatty acids help maintain healthy blood pressure and reduce the risk of heart disease.<\/li>\r\n<li data-sourcepos=\"21:1-21:105\"><strong>Promotes digestion:<\/strong> A\u00e7a\u00ed&#8217;s fiber helps regulate bowel movements and promotes good digestive health.<\/li>\r\n<li data-sourcepos=\"22:1-22:116\"><strong>Increases energy levels:<\/strong> A\u00e7a\u00ed is a natural source of energy that will help you stay active throughout the day.<\/li>\r\n<li data-sourcepos=\"23:1-24:0\"><strong>Ideal for athletes:<\/strong> A\u00e7a\u00ed is an excellent ally for athletes due to its high nutrient content and ability to improve physical performance.<\/li>\r\n<\/ul>\r\n<h3 data-sourcepos=\"25:1-25:46\"><strong>Enjoy Lovinfud&#8217;s Pure A\u00e7a\u00ed 14% Premium Sugar Free in:<\/strong><\/h3>\r\n<ul data-sourcepos=\"27:1-30:0\">\r\n<li data-sourcepos=\"27:1-27:157\"><strong>Delicious a\u00e7a\u00ed bowls:<\/strong> Combine a\u00e7a\u00ed with your favorite fruits, granola, seeds, and other ingredients for a nutritious and energizing breakfast or snack.<\/li>\r\n<li data-sourcepos=\"28:1-28:113\"><strong>Refreshing smoothies:<\/strong> Add a\u00e7a\u00ed to your smoothies for an extra boost of flavor, nutrients, and antioxidants.<\/li>\r\n<li data-sourcepos=\"29:1-30:0\"><strong>Healthy desserts:<\/strong> Incorporate a\u00e7a\u00ed into your ice cream, tart, and other dessert recipes to create healthier and more delicious versions.<\/li>\r\n<\/ul>\r\n<h3 data-sourcepos=\"31:1-31:16\"><strong>Ingredients:<\/strong><\/h3>\r\n<ul data-sourcepos=\"33:1-37:0\">\r\n<li data-sourcepos=\"33:1-33:37\">Organic A\u00e7a\u00ed berry pulp 14% Premium<\/li>\r\n<li data-sourcepos=\"34:1-34:7\">Water<\/li>\r\n<li data-sourcepos=\"35:1-35:42\">Citric acid (&lt;0.2% acidity regulator)<\/li>\r\n<li data-sourcepos=\"36:1-37:0\">Gluten-free<\/li>\r\n<\/ul>\r\n<h2 data-sourcepos=\"38:1-38:112\"><strong>Order your <a href=\"https:\/\/lovinfud.com\/\">Lovinfud<\/a> Pure A\u00e7a\u00ed 14% Premium today and start enjoying the benefits of this Amazonian superfood.<\/strong><\/h2><p><strong>Gluten-free product<\/strong>.<\/p>","protected":false},"excerpt":{"rendered":"<p>6.4kg carton Pure 14% Premium A\u00e7a\u00ed pulp<\/p>\n","protected":false},"featured_media":531,"template":"","meta":[],"product_cat":[40],"product_tag":[42],"class_list":{"0":"post-613","1":"product","2":"type-product","3":"status-publish","4":"has-post-thumbnail","6":"product_cat-frozen","7":"product_tag-lovinfud-en","8":"product_shipping_class-frozen-shipping","10":"first","11":"outofstock","12":"taxable","13":"shipping-taxable","14":"purchasable","15":"product-type-simple"},"yoast_head":"<!-- This site is optimized with the Yoast SEO plugin v27.4 - https:\/\/yoast.com\/product\/yoast-seo-wordpress\/ -->\n<title>Pure A\u00e7a\u00ed Sugar Free 100% - LovinFud<\/title>\n<meta name=\"description\" content=\"Order your Lovinfud Pure A\u00e7a\u00ed 14% Premium Sugar free today and start enjoying the benefits of this Amazonian superfood. Gluten-free product.\" \/>\n<meta name=\"robots\" content=\"index, follow, max-snippet:-1, max-image-preview:large, max-video-preview:-1\" \/>\n<link rel=\"canonical\" href=\"https:\/\/lovinfud.com\/en\/product\/acai-bio-14-premium-sugar-free\/\" \/>\n<meta property=\"og:locale\" content=\"en_US\" \/>\n<meta property=\"og:type\" content=\"article\" \/>\n<meta property=\"og:title\" content=\"Pure A\u00e7a\u00ed Sugar Free 100% - LovinFud\" \/>\n<meta property=\"og:description\" content=\"Order your Lovinfud Pure A\u00e7a\u00ed 14% Premium Sugar free today and start enjoying the benefits of this Amazonian superfood. Gluten-free product.\" \/>\n<meta property=\"og:url\" content=\"https:\/\/lovinfud.com\/en\/product\/acai-bio-14-premium-sugar-free\/\" \/>\n<meta property=\"og:site_name\" content=\"LovinFud\" \/>\n<meta property=\"article:modified_time\" content=\"2024-09-16T14:01:03+00:00\" \/>\n<meta property=\"og:image\" content=\"https:\/\/lovinfud.com\/wp-content\/uploads\/2024\/02\/Acai-Energy-Roundel_Lossy.png\" \/>\n\t<meta property=\"og:image:width\" content=\"500\" \/>\n\t<meta property=\"og:image:height\" content=\"500\" \/>\n\t<meta property=\"og:image:type\" content=\"image\/png\" \/>\n<meta name=\"twitter:card\" content=\"summary_large_image\" \/>\n<meta name=\"twitter:label1\" content=\"Est. reading time\" \/>\n\t<meta name=\"twitter:data1\" content=\"3 minutes\" \/>\n<script type=\"application\/ld+json\" class=\"yoast-schema-graph\">{\"@context\":\"https:\\\/\\\/schema.org\",\"@graph\":[{\"@type\":\"WebPage\",\"@id\":\"https:\\\/\\\/lovinfud.com\\\/en\\\/product\\\/acai-bio-14-premium-sugar-free\\\/\",\"url\":\"https:\\\/\\\/lovinfud.com\\\/en\\\/product\\\/acai-bio-14-premium-sugar-free\\\/\",\"name\":\"Pure A\u00e7a\u00ed Sugar Free 100% - LovinFud\",\"isPartOf\":{\"@id\":\"https:\\\/\\\/lovinfud.com\\\/#website\"},\"primaryImageOfPage\":{\"@id\":\"https:\\\/\\\/lovinfud.com\\\/en\\\/product\\\/acai-bio-14-premium-sugar-free\\\/#primaryimage\"},\"image\":{\"@id\":\"https:\\\/\\\/lovinfud.com\\\/en\\\/product\\\/acai-bio-14-premium-sugar-free\\\/#primaryimage\"},\"thumbnailUrl\":\"https:\\\/\\\/lovinfud.com\\\/wp-content\\\/uploads\\\/2024\\\/02\\\/Acai-Energy-Roundel_Lossy.png\",\"datePublished\":\"2024-01-31T19:13:00+00:00\",\"dateModified\":\"2024-09-16T14:01:03+00:00\",\"description\":\"Order your Lovinfud Pure A\u00e7a\u00ed 14% Premium Sugar free today and start enjoying the benefits of this Amazonian superfood. Gluten-free product.\",\"breadcrumb\":{\"@id\":\"https:\\\/\\\/lovinfud.com\\\/en\\\/product\\\/acai-bio-14-premium-sugar-free\\\/#breadcrumb\"},\"inLanguage\":\"en-US\",\"potentialAction\":[{\"@type\":\"ReadAction\",\"target\":[\"https:\\\/\\\/lovinfud.com\\\/en\\\/product\\\/acai-bio-14-premium-sugar-free\\\/\"]}]},{\"@type\":\"ImageObject\",\"inLanguage\":\"en-US\",\"@id\":\"https:\\\/\\\/lovinfud.com\\\/en\\\/product\\\/acai-bio-14-premium-sugar-free\\\/#primaryimage\",\"url\":\"https:\\\/\\\/lovinfud.com\\\/wp-content\\\/uploads\\\/2024\\\/02\\\/Acai-Energy-Roundel_Lossy.png\",\"contentUrl\":\"https:\\\/\\\/lovinfud.com\\\/wp-content\\\/uploads\\\/2024\\\/02\\\/Acai-Energy-Roundel_Lossy.png\",\"width\":500,\"height\":500,\"caption\":\"A\u00e7a\u00ed Puro sin Az\u00facar 14% - Pure A\u00e7a\u00ed sugar free Premium - Lovinfud\"},{\"@type\":\"BreadcrumbList\",\"@id\":\"https:\\\/\\\/lovinfud.com\\\/en\\\/product\\\/acai-bio-14-premium-sugar-free\\\/#breadcrumb\",\"itemListElement\":[{\"@type\":\"ListItem\",\"position\":1,\"name\":\"Portada\",\"item\":\"https:\\\/\\\/lovinfud.com\\\/en\\\/home\\\/\"},{\"@type\":\"ListItem\",\"position\":2,\"name\":\"Shop\",\"item\":\"https:\\\/\\\/lovinfud.com\\\/en\\\/shop\\\/\"},{\"@type\":\"ListItem\",\"position\":3,\"name\":\"A\u00e7a\u00ed Bio 14% Premium Sugar Free\"}]},{\"@type\":\"WebSite\",\"@id\":\"https:\\\/\\\/lovinfud.com\\\/#website\",\"url\":\"https:\\\/\\\/lovinfud.com\\\/\",\"name\":\"LovinFud\",\"description\":\"Love in your food\",\"publisher\":{\"@id\":\"https:\\\/\\\/lovinfud.com\\\/#organization\"},\"alternateName\":\"LovinFud\",\"potentialAction\":[{\"@type\":\"SearchAction\",\"target\":{\"@type\":\"EntryPoint\",\"urlTemplate\":\"https:\\\/\\\/lovinfud.com\\\/?s={search_term_string}\"},\"query-input\":{\"@type\":\"PropertyValueSpecification\",\"valueRequired\":true,\"valueName\":\"search_term_string\"}}],\"inLanguage\":\"en-US\"},{\"@type\":\"Organization\",\"@id\":\"https:\\\/\\\/lovinfud.com\\\/#organization\",\"name\":\"LovinFud\",\"url\":\"https:\\\/\\\/lovinfud.com\\\/\",\"logo\":{\"@type\":\"ImageObject\",\"inLanguage\":\"en-US\",\"@id\":\"https:\\\/\\\/lovinfud.com\\\/#\\\/schema\\\/logo\\\/image\\\/\",\"url\":\"https:\\\/\\\/lovinfud.com\\\/wp-content\\\/uploads\\\/2024\\\/03\\\/LovinFud_LogoFooter.svg\",\"contentUrl\":\"https:\\\/\\\/lovinfud.com\\\/wp-content\\\/uploads\\\/2024\\\/03\\\/LovinFud_LogoFooter.svg\",\"width\":1000,\"height\":258,\"caption\":\"LovinFud\"},\"image\":{\"@id\":\"https:\\\/\\\/lovinfud.com\\\/#\\\/schema\\\/logo\\\/image\\\/\"},\"sameAs\":[\"https:\\\/\\\/www.instagram.com\\\/lovinfud_acai\\\/\"]}]}<\/script>\n<!-- \/ Yoast SEO plugin. -->","yoast_head_json":{"title":"Pure A\u00e7a\u00ed Sugar Free 100% - LovinFud","description":"Order your Lovinfud Pure A\u00e7a\u00ed 14% Premium Sugar free today and start enjoying the benefits of this Amazonian superfood. Gluten-free product.","robots":{"index":"index","follow":"follow","max-snippet":"max-snippet:-1","max-image-preview":"max-image-preview:large","max-video-preview":"max-video-preview:-1"},"canonical":"https:\/\/lovinfud.com\/en\/product\/acai-bio-14-premium-sugar-free\/","og_locale":"en_US","og_type":"article","og_title":"Pure A\u00e7a\u00ed Sugar Free 100% - LovinFud","og_description":"Order your Lovinfud Pure A\u00e7a\u00ed 14% Premium Sugar free today and start enjoying the benefits of this Amazonian superfood. Gluten-free product.","og_url":"https:\/\/lovinfud.com\/en\/product\/acai-bio-14-premium-sugar-free\/","og_site_name":"LovinFud","article_modified_time":"2024-09-16T14:01:03+00:00","og_image":[{"width":500,"height":500,"url":"https:\/\/lovinfud.com\/wp-content\/uploads\/2024\/02\/Acai-Energy-Roundel_Lossy.png","type":"image\/png"}],"twitter_card":"summary_large_image","twitter_misc":{"Est. reading time":"3 minutes"},"schema":{"@context":"https:\/\/schema.org","@graph":[{"@type":"WebPage","@id":"https:\/\/lovinfud.com\/en\/product\/acai-bio-14-premium-sugar-free\/","url":"https:\/\/lovinfud.com\/en\/product\/acai-bio-14-premium-sugar-free\/","name":"Pure A\u00e7a\u00ed Sugar Free 100% - LovinFud","isPartOf":{"@id":"https:\/\/lovinfud.com\/#website"},"primaryImageOfPage":{"@id":"https:\/\/lovinfud.com\/en\/product\/acai-bio-14-premium-sugar-free\/#primaryimage"},"image":{"@id":"https:\/\/lovinfud.com\/en\/product\/acai-bio-14-premium-sugar-free\/#primaryimage"},"thumbnailUrl":"https:\/\/lovinfud.com\/wp-content\/uploads\/2024\/02\/Acai-Energy-Roundel_Lossy.png","datePublished":"2024-01-31T19:13:00+00:00","dateModified":"2024-09-16T14:01:03+00:00","description":"Order your Lovinfud Pure A\u00e7a\u00ed 14% Premium Sugar free today and start enjoying the benefits of this Amazonian superfood. Gluten-free product.","breadcrumb":{"@id":"https:\/\/lovinfud.com\/en\/product\/acai-bio-14-premium-sugar-free\/#breadcrumb"},"inLanguage":"en-US","potentialAction":[{"@type":"ReadAction","target":["https:\/\/lovinfud.com\/en\/product\/acai-bio-14-premium-sugar-free\/"]}]},{"@type":"ImageObject","inLanguage":"en-US","@id":"https:\/\/lovinfud.com\/en\/product\/acai-bio-14-premium-sugar-free\/#primaryimage","url":"https:\/\/lovinfud.com\/wp-content\/uploads\/2024\/02\/Acai-Energy-Roundel_Lossy.png","contentUrl":"https:\/\/lovinfud.com\/wp-content\/uploads\/2024\/02\/Acai-Energy-Roundel_Lossy.png","width":500,"height":500,"caption":"A\u00e7a\u00ed Puro sin Az\u00facar 14% - Pure A\u00e7a\u00ed sugar free Premium - Lovinfud"},{"@type":"BreadcrumbList","@id":"https:\/\/lovinfud.com\/en\/product\/acai-bio-14-premium-sugar-free\/#breadcrumb","itemListElement":[{"@type":"ListItem","position":1,"name":"Portada","item":"https:\/\/lovinfud.com\/en\/home\/"},{"@type":"ListItem","position":2,"name":"Shop","item":"https:\/\/lovinfud.com\/en\/shop\/"},{"@type":"ListItem","position":3,"name":"A\u00e7a\u00ed Bio 14% Premium Sugar Free"}]},{"@type":"WebSite","@id":"https:\/\/lovinfud.com\/#website","url":"https:\/\/lovinfud.com\/","name":"LovinFud","description":"Love in your food","publisher":{"@id":"https:\/\/lovinfud.com\/#organization"},"alternateName":"LovinFud","potentialAction":[{"@type":"SearchAction","target":{"@type":"EntryPoint","urlTemplate":"https:\/\/lovinfud.com\/?s={search_term_string}"},"query-input":{"@type":"PropertyValueSpecification","valueRequired":true,"valueName":"search_term_string"}}],"inLanguage":"en-US"},{"@type":"Organization","@id":"https:\/\/lovinfud.com\/#organization","name":"LovinFud","url":"https:\/\/lovinfud.com\/","logo":{"@type":"ImageObject","inLanguage":"en-US","@id":"https:\/\/lovinfud.com\/#\/schema\/logo\/image\/","url":"https:\/\/lovinfud.com\/wp-content\/uploads\/2024\/03\/LovinFud_LogoFooter.svg","contentUrl":"https:\/\/lovinfud.com\/wp-content\/uploads\/2024\/03\/LovinFud_LogoFooter.svg","width":1000,"height":258,"caption":"LovinFud"},"image":{"@id":"https:\/\/lovinfud.com\/#\/schema\/logo\/image\/"},"sameAs":["https:\/\/www.instagram.com\/lovinfud_acai\/"]}]}},"_links":{"self":[{"href":"https:\/\/lovinfud.com\/en\/wp-json\/wp\/v2\/product\/613","targetHints":{"allow":["GET"]}}],"collection":[{"href":"https:\/\/lovinfud.com\/en\/wp-json\/wp\/v2\/product"}],"about":[{"href":"https:\/\/lovinfud.com\/en\/wp-json\/wp\/v2\/types\/product"}],"wp:featuredmedia":[{"embeddable":true,"href":"https:\/\/lovinfud.com\/en\/wp-json\/wp\/v2\/media\/531"}],"wp:attachment":[{"href":"https:\/\/lovinfud.com\/en\/wp-json\/wp\/v2\/media?parent=613"}],"wp:term":[{"taxonomy":"product_cat","embeddable":true,"href":"https:\/\/lovinfud.com\/en\/wp-json\/wp\/v2\/product_cat?post=613"},{"taxonomy":"product_tag","embeddable":true,"href":"https:\/\/lovinfud.com\/en\/wp-json\/wp\/v2\/product_tag?post=613"}],"curies":[{"name":"wp","href":"https:\/\/api.w.org\/{rel}","templated":true}]}}